{"id":37,"date":"2014-12-05T13:26:25","date_gmt":"2014-12-05T12:26:25","guid":{"rendered":"http:\/\/www.tejidoseuropeos.com\/?page_id=37"},"modified":"2014-12-30T12:28:47","modified_gmt":"2014-12-30T11:28:47","slug":"inicio","status":"publish","type":"page","link":"https:\/\/www.tejidoseuropeos.com\/","title":{"rendered":"Inicio"},"content":{"rendered":"<p><a href=\"http:\/\/www.tejidoseuropeos.com\/wp-content\/uploads\/2014\/12\/cropped-baixa.jpg\"><img loading=\"lazy\" class=\"alignnone  wp-image-25\" src=\"http:\/\/www.tejidoseuropeos.com\/wp-content\/uploads\/2014\/12\/cropped-baixa-300x300.jpg\" alt=\"cropped-baixa.jpg\" width=\"97\" height=\"97\" srcset=\"https:\/\/www.tejidoseuropeos.com\/wp-content\/uploads\/2014\/12\/cropped-baixa-300x300.jpg 300w, https:\/\/www.tejidoseuropeos.com\/wp-content\/uploads\/2014\/12\/cropped-baixa-150x150.jpg 150w, https:\/\/www.tejidoseuropeos.com\/wp-content\/uploads\/2014\/12\/cropped-baixa-1024x1024.jpg 1024w, https:\/\/www.tejidoseuropeos.com\/wp-content\/uploads\/2014\/12\/cropped-baixa.jpg 1260w\" sizes=\"(max-width: 97px) 100vw, 97px\" \/><\/a><\/p>\n<p>Compra venta de toda clase de tejidos<\/p>\n<p>Compra venda de tota classe de teixits<\/p>\n<p>Sales and purchases of all kinds of textiles.<\/p>\n<p>&nbsp;<\/p>\n<p>Empresa dedicada a la venta de tejidos, donde podr\u00e1n encontrar tanto colecciones, como stocks de los m\u00e1s diversos tejidos.<\/p>\n<p>Igualmente, compramos stocks de telas, tanto de se\u00f1ora como de caballero.<\/p>\n<p>A trav\u00e9s de esta p\u00e1gina web y de sus diferentes apartados como, Empresa, Mapa, Cat\u00e1logo y Contactar, podr\u00e1 encontrar toda la informaci\u00f3n referente a nuestra empresa.<\/p>\n<p>&nbsp;<\/p>\n<p>Company that specializes in textile commerce that offers colections and stocks of a great diversity of materials.<\/p>\n<p>We purchase textile stocks of women as of men.<\/p>\n<p>In this web you can find all information of the company.<\/p>\n<p>&nbsp;<\/p>\n<p>&nbsp;<\/p>\n","protected":false},"excerpt":{"rendered":"<p>Compra venta de toda clase de tejidos Compra venda de tota classe de teixits Sales and purchases of all kinds of textiles. &nbsp; Empresa dedicada a la venta de tejidos, donde podr\u00e1n encontrar tanto colecciones, como stocks de los m\u00e1s diversos tejidos. Igualmente, compramos stocks de telas, tanto de se\u00f1ora como de caballero. A trav\u00e9s [&hellip;]<\/p>\n","protected":false},"author":101011,"featured_media":0,"parent":0,"menu_order":10,"comment_status":"closed","ping_status":"closed","template":"","meta":[],"_links":{"self":[{"href":"https:\/\/www.tejidoseuropeos.com\/index.php?rest_route=\/wp\/v2\/pages\/37"}],"collection":[{"href":"https:\/\/www.tejidoseuropeos.com\/index.php?rest_route=\/wp\/v2\/pages"}],"about":[{"href":"https:\/\/www.tejidoseuropeos.com\/index.php?rest_route=\/wp\/v2\/types\/page"}],"author":[{"embeddable":true,"href":"https:\/\/www.tejidoseuropeos.com\/index.php?rest_route=\/wp\/v2\/users\/101011"}],"replies":[{"embeddable":true,"href":"https:\/\/www.tejidoseuropeos.com\/index.php?rest_route=%2Fwp%2Fv2%2Fcomments&post=37"}],"version-history":[{"count":10,"href":"https:\/\/www.tejidoseuropeos.com\/index.php?rest_route=\/wp\/v2\/pages\/37\/revisions"}],"predecessor-version":[{"id":107,"href":"https:\/\/www.tejidoseuropeos.com\/index.php?rest_route=\/wp\/v2\/pages\/37\/revisions\/107"}],"wp:attachment":[{"href":"https:\/\/www.tejidoseuropeos.com\/index.php?rest_route=%2Fwp%2Fv2%2Fmedia&parent=37"}],"curies":[{"name":"wp","href":"https:\/\/api.w.org\/{rel}","templated":true}]}}